{"id":1253,"date":"2014-12-29T09:30:16","date_gmt":"2014-12-29T13:30:16","guid":{"rendered":"http:\/\/www.manosdepaz.org\/?page_id=1253"},"modified":"2015-12-21T10:39:06","modified_gmt":"2015-12-21T14:39:06","slug":"cultos-2015","status":"publish","type":"page","link":"http:\/\/www.manosdepaz.org\/?page_id=1253","title":{"rendered":"Cultos &#8211; 2015"},"content":{"rendered":"<p><strong>CULTOS &#8211; 2015<\/strong><br \/>\nColecci\u00f3n de archivos de audio correspondientes a los cultos celebrados en la Iglesia Cristiana Metodista &#8216;Casa de Paz&#8217; en el templo ubicado en Santo Domingo, Rep\u00fablica Dominicana.<\/p>\n<ul>\n<li><em>20 Diciembre &#8211; <\/em><strong>Mensaje de Navidad<\/strong> &#8211; Jos\u00e9 &#8216;Jochi&#8217; Brito <em> (19 min.) <\/em><strong><img loading=\"lazy\" decoding=\"async\" class=\"alignnone size-full wp-image-764\" style=\"border: 0px none; margin: 0px;\" title=\"Descargar Archivos\" src=\"http:\/\/www.manosdepaz.org\/wp-content\/uploads\/2011\/09\/speaker_icon.jpg\" alt=\"\" width=\"15\" height=\"14\" \/><a title=\"Descargar MP3\" href=\"http:\/\/www.manosdepaz.org\/audio\/2015\/151220_navidad.mp3\" target=\"_blank\"> MP3<\/a><\/strong><!--[if lt IE 9]><script>document.createElement('audio');<\/script><![endif]-->\n<audio class=\"wp-audio-shortcode\" id=\"audio-1253-1\" preload=\"none\" style=\"width: 100%;\" controls=\"controls\"><source type=\"audio\/mpeg\" src=\"http:\/\/www.manosdepaz.org\/audio\/2015\/151220_navidad.mp3?_=1\" \/><a href=\"http:\/\/www.manosdepaz.org\/audio\/2015\/151220_navidad.mp3\">http:\/\/www.manosdepaz.org\/audio\/2015\/151220_navidad.mp3<\/a><\/audio><\/li>\n<\/ul>\n<ul>\n<li><em>03 Mayo &#8211; <\/em><strong>El Liderazgo Cristiano<\/strong> &#8211; Jos\u00e9 &#8216;Jochi&#8217; Brito <em> (31 min.) <\/em><strong><img loading=\"lazy\" decoding=\"async\" class=\"alignnone size-full wp-image-764\" style=\"border: 0px none; margin: 0px;\" title=\"Descargar Archivos\" src=\"http:\/\/www.manosdepaz.org\/wp-content\/uploads\/2011\/09\/speaker_icon.jpg\" alt=\"\" width=\"15\" height=\"14\" \/><a title=\"Descargar MP3\" href=\"http:\/\/www.manosdepaz.org\/audio\/2015\/150503_liderazgo.mp3\" target=\"_blank\"> MP3<\/a><\/strong><audio class=\"wp-audio-shortcode\" id=\"audio-1253-2\" preload=\"none\" style=\"width: 100%;\" controls=\"controls\"><source type=\"audio\/mpeg\" src=\"http:\/\/www.manosdepaz.org\/audio\/2015\/150503_liderazgo.mp3?_=2\" \/><a href=\"http:\/\/www.manosdepaz.org\/audio\/2015\/150503_liderazgo.mp3\">http:\/\/www.manosdepaz.org\/audio\/2015\/150503_liderazgo.mp3<\/a><\/audio><\/li>\n<\/ul>\n<ul>\n<li><em>12 Abril &#8211; <\/em><strong>Acudir a Dios Primero<\/strong> &#8211; Carlos Flores <em> (31 min.) <\/em><strong><img loading=\"lazy\" decoding=\"async\" class=\"alignnone size-full wp-image-764\" style=\"border: 0px none; margin: 0px;\" title=\"Descargar Archivos\" src=\"http:\/\/www.manosdepaz.org\/wp-content\/uploads\/2011\/09\/speaker_icon.jpg\" alt=\"\" width=\"15\" height=\"14\" \/><a title=\"Descargar MP3\" href=\"http:\/\/www.manosdepaz.org\/audio\/2015\/150412_acudir.mp3\" target=\"_blank\"> MP3<\/a><\/strong><audio class=\"wp-audio-shortcode\" id=\"audio-1253-3\" preload=\"none\" style=\"width: 100%;\" controls=\"controls\"><source type=\"audio\/mpeg\" src=\"http:\/\/www.manosdepaz.org\/audio\/2015\/150412_acudir.mp3?_=3\" \/><a href=\"http:\/\/www.manosdepaz.org\/audio\/2015\/150412_acudir.mp3\">http:\/\/www.manosdepaz.org\/audio\/2015\/150412_acudir.mp3<\/a><\/audio><\/li>\n<\/ul>\n<ul>\n<li><em>29 Marzo &#8211; <\/em><strong>Debemos Limpiarnos<\/strong> &#8211; Maria A. Mor\u00edn <em> (27 min.) <\/em><strong><img loading=\"lazy\" decoding=\"async\" class=\"alignnone size-full wp-image-764\" style=\"border: 0px none; margin: 0px;\" title=\"Descargar Archivos\" src=\"http:\/\/www.manosdepaz.org\/wp-content\/uploads\/2011\/09\/speaker_icon.jpg\" alt=\"\" width=\"15\" height=\"14\" \/><a title=\"Descargar MP3\" href=\"http:\/\/www.manosdepaz.org\/audio\/2015\/150329_limpio.mp3\" target=\"_blank\"> MP3<\/a><\/strong><audio class=\"wp-audio-shortcode\" id=\"audio-1253-4\" preload=\"none\" style=\"width: 100%;\" controls=\"controls\"><source type=\"audio\/mpeg\" src=\"http:\/\/www.manosdepaz.org\/audio\/2015\/150329_limpio.mp3?_=4\" \/><a href=\"http:\/\/www.manosdepaz.org\/audio\/2015\/150329_limpio.mp3\">http:\/\/www.manosdepaz.org\/audio\/2015\/150329_limpio.mp3<\/a><\/audio><\/li>\n<\/ul>\n<ul>\n<li><em>22 Marzo &#8211; <\/em><strong>Zaqueo<\/strong> &#8211; Jos\u00e9 &#8216;Jochi&#8217; Brito <em> (20 min.) <\/em><strong><img loading=\"lazy\" decoding=\"async\" class=\"alignnone size-full wp-image-764\" style=\"border: 0px none; margin: 0px;\" title=\"Descargar Archivos\" src=\"http:\/\/www.manosdepaz.org\/wp-content\/uploads\/2011\/09\/speaker_icon.jpg\" alt=\"\" width=\"15\" height=\"14\" \/><a title=\"Descargar MP3\" href=\"http:\/\/www.manosdepaz.org\/audio\/2015\/150322_zaqueo.mp3\" target=\"_blank\"> MP3<\/a><\/strong><audio class=\"wp-audio-shortcode\" id=\"audio-1253-5\" preload=\"none\" style=\"width: 100%;\" controls=\"controls\"><source type=\"audio\/mpeg\" src=\"http:\/\/www.manosdepaz.org\/audio\/2015\/150322_zaqueo.mp3?_=5\" \/><a href=\"http:\/\/www.manosdepaz.org\/audio\/2015\/150322_zaqueo.mp3\">http:\/\/www.manosdepaz.org\/audio\/2015\/150322_zaqueo.mp3<\/a><\/audio><\/li>\n<\/ul>\n<ul>\n<li><em>15 Marzo &#8211; <\/em><strong>Que no se Turbe tu Coraz\u00f3n<\/strong> &#8211; Maria A. Mor\u00edn <em> (39 min.) <\/em><strong><img loading=\"lazy\" decoding=\"async\" class=\"alignnone size-full wp-image-764\" style=\"border: 0px none; margin: 0px;\" title=\"Descargar Archivos\" src=\"http:\/\/www.manosdepaz.org\/wp-content\/uploads\/2011\/09\/speaker_icon.jpg\" alt=\"\" width=\"15\" height=\"14\" \/><a title=\"Descargar MP3\" href=\"http:\/\/www.manosdepaz.org\/audio\/2015\/150315_turbe.mp3\" target=\"_blank\"> MP3<\/a><\/strong><audio class=\"wp-audio-shortcode\" id=\"audio-1253-6\" preload=\"none\" style=\"width: 100%;\" controls=\"controls\"><source type=\"audio\/mpeg\" src=\"http:\/\/www.manosdepaz.org\/audio\/2015\/150315_turbe.mp3?_=6\" \/><a href=\"http:\/\/www.manosdepaz.org\/audio\/2015\/150315_turbe.mp3\">http:\/\/www.manosdepaz.org\/audio\/2015\/150315_turbe.mp3<\/a><\/audio><\/li>\n<\/ul>\n<ul>\n<li><em>09 Marzo &#8211; <\/em><strong>El Profeta Elias<\/strong> &#8211; Maria A. Mor\u00edn <em> (31 min.) <\/em><strong><img loading=\"lazy\" decoding=\"async\" class=\"alignnone size-full wp-image-764\" style=\"border: 0px none; margin: 0px;\" title=\"Descargar Archivos\" src=\"http:\/\/www.manosdepaz.org\/wp-content\/uploads\/2011\/09\/speaker_icon.jpg\" alt=\"\" width=\"15\" height=\"14\" \/><a title=\"Descargar MP3\" href=\"http:\/\/www.manosdepaz.org\/audio\/2015\/150308_elias.mp3\" target=\"_blank\"> MP3<\/a><\/strong><audio class=\"wp-audio-shortcode\" id=\"audio-1253-7\" preload=\"none\" style=\"width: 100%;\" controls=\"controls\"><source type=\"audio\/mpeg\" src=\"http:\/\/www.manosdepaz.org\/audio\/2015\/150308_elias.mp3?_=7\" \/><a href=\"http:\/\/www.manosdepaz.org\/audio\/2015\/150308_elias.mp3\">http:\/\/www.manosdepaz.org\/audio\/2015\/150308_elias.mp3<\/a><\/audio><\/li>\n<\/ul>\n<ul>\n<li><em>01 Marzo &#8211; <\/em><strong>Verdaderamente Libres<\/strong> &#8211; Maria A. Mor\u00edn <em> (22 min.) <\/em><strong><img loading=\"lazy\" decoding=\"async\" class=\"alignnone size-full wp-image-764\" style=\"border: 0px none; margin: 0px;\" title=\"Descargar Archivos\" src=\"http:\/\/www.manosdepaz.org\/wp-content\/uploads\/2011\/09\/speaker_icon.jpg\" alt=\"\" width=\"15\" height=\"14\" \/><a title=\"Descargar MP3\" href=\"http:\/\/www.manosdepaz.org\/audio\/2015\/150301_libres.mp3\" target=\"_blank\"> MP3<\/a><\/strong><audio class=\"wp-audio-shortcode\" id=\"audio-1253-8\" preload=\"none\" style=\"width: 100%;\" controls=\"controls\"><source type=\"audio\/mpeg\" src=\"http:\/\/www.manosdepaz.org\/audio\/2015\/150301_libres.mp3?_=8\" \/><a href=\"http:\/\/www.manosdepaz.org\/audio\/2015\/150301_libres.mp3\">http:\/\/www.manosdepaz.org\/audio\/2015\/150301_libres.mp3<\/a><\/audio><\/li>\n<\/ul>\n<ul>\n<li><em>15 Febrero &#8211; <\/em><strong>Dios es Amor<\/strong> &#8211; Maria A. Mor\u00edn <em> (34 min.) <\/em><strong><img loading=\"lazy\" decoding=\"async\" class=\"alignnone size-full wp-image-764\" style=\"border: 0px none; margin: 0px;\" title=\"Descargar Archivos\" src=\"http:\/\/www.manosdepaz.org\/wp-content\/uploads\/2011\/09\/speaker_icon.jpg\" alt=\"\" width=\"15\" height=\"14\" \/><a title=\"Descargar MP3\" href=\"http:\/\/www.manosdepaz.org\/audio\/2015\/150215_amor.mp3\" target=\"_blank\"> MP3<\/a><\/strong><audio class=\"wp-audio-shortcode\" id=\"audio-1253-9\" preload=\"none\" style=\"width: 100%;\" controls=\"controls\"><source type=\"audio\/mpeg\" src=\"http:\/\/www.manosdepaz.org\/audio\/2015\/150215_amor.mp3?_=9\" \/><a href=\"http:\/\/www.manosdepaz.org\/audio\/2015\/150215_amor.mp3\">http:\/\/www.manosdepaz.org\/audio\/2015\/150215_amor.mp3<\/a><\/audio><\/li>\n<\/ul>\n<ul>\n<li><em>01 Febrero &#8211; <\/em><strong>La Invitaci\u00f3n de Cristo<\/strong> &#8211; Maria A. Mor\u00edn <em> (37 min.) <\/em><strong><img loading=\"lazy\" decoding=\"async\" class=\"alignnone size-full wp-image-764\" style=\"border: 0px none; margin: 0px;\" title=\"Descargar Archivos\" src=\"http:\/\/www.manosdepaz.org\/wp-content\/uploads\/2011\/09\/speaker_icon.jpg\" alt=\"\" width=\"15\" height=\"14\" \/><a title=\"Descargar MP3\" href=\"http:\/\/www.manosdepaz.org\/audio\/2015\/150201_invitacion.mp3\" target=\"_blank\"> MP3<\/a><\/strong><audio class=\"wp-audio-shortcode\" id=\"audio-1253-10\" preload=\"none\" style=\"width: 100%;\" controls=\"controls\"><source type=\"audio\/mpeg\" src=\"http:\/\/www.manosdepaz.org\/audio\/2015\/150201_invitacion.mp3?_=10\" \/><a href=\"http:\/\/www.manosdepaz.org\/audio\/2015\/150201_invitacion.mp3\">http:\/\/www.manosdepaz.org\/audio\/2015\/150201_invitacion.mp3<\/a><\/audio><\/li>\n<\/ul>\n<ul>\n<li><em>25 Enero &#8211; <\/em><strong>Viviendo Temporadas<\/strong> &#8211; Hector L\u00f3pez <em> (52 min.) <\/em><strong><img loading=\"lazy\" decoding=\"async\" class=\"alignnone size-full wp-image-764\" style=\"border: 0px none; margin: 0px;\" title=\"Descargar Archivos\" src=\"http:\/\/www.manosdepaz.org\/wp-content\/uploads\/2011\/09\/speaker_icon.jpg\" alt=\"\" width=\"15\" height=\"14\" \/><a title=\"Descargar MP3\" href=\"http:\/\/www.manosdepaz.org\/audio\/2015\/150125_temporadas.mp3\" target=\"_blank\"> MP3<\/a><\/strong><audio class=\"wp-audio-shortcode\" id=\"audio-1253-11\" preload=\"none\" style=\"width: 100%;\" controls=\"controls\"><source type=\"audio\/mpeg\" src=\"http:\/\/www.manosdepaz.org\/audio\/2015\/150125_temporadas.mp3?_=11\" \/><a href=\"http:\/\/www.manosdepaz.org\/audio\/2015\/150125_temporadas.mp3\">http:\/\/www.manosdepaz.org\/audio\/2015\/150125_temporadas.mp3<\/a><\/audio><\/li>\n<\/ul>\n<ul>\n<li><em>18 Enero &#8211; <\/em><strong>Hay que Conocer a Dios<\/strong> &#8211; Maria A. Mor\u00edn <em> (39 min.) <\/em><strong><img loading=\"lazy\" decoding=\"async\" class=\"alignnone size-full wp-image-764\" style=\"border: 0px none; margin: 0px;\" title=\"Descargar Archivos\" src=\"http:\/\/www.manosdepaz.org\/wp-content\/uploads\/2011\/09\/speaker_icon.jpg\" alt=\"\" width=\"15\" height=\"14\" \/><a title=\"Descargar MP3\" href=\"http:\/\/www.manosdepaz.org\/audio\/2015\/150118_conocer.mp3\" target=\"_blank\"> MP3<\/a><\/strong><audio class=\"wp-audio-shortcode\" id=\"audio-1253-12\" preload=\"none\" style=\"width: 100%;\" controls=\"controls\"><source type=\"audio\/mpeg\" src=\"http:\/\/www.manosdepaz.org\/audio\/2015\/150118_conocer.mp3?_=12\" \/><a href=\"http:\/\/www.manosdepaz.org\/audio\/2015\/150118_conocer.mp3\">http:\/\/www.manosdepaz.org\/audio\/2015\/150118_conocer.mp3<\/a><\/audio><\/li>\n<\/ul>\n<ul>\n<li><em>04 Enero &#8211; <\/em><strong>La Promesa<\/strong> &#8211; Maria A. Mor\u00edn <em> (31 min.) <\/em><strong><img loading=\"lazy\" decoding=\"async\" class=\"alignnone size-full wp-image-764\" style=\"border: 0px none; margin: 0px;\" title=\"Descargar Archivos\" src=\"http:\/\/www.manosdepaz.org\/wp-content\/uploads\/2011\/09\/speaker_icon.jpg\" alt=\"\" width=\"15\" height=\"14\" \/><a title=\"Descargar MP3\" href=\"http:\/\/www.manosdepaz.org\/audio\/2015\/150104_promesa.mp3\" target=\"_blank\"> MP3<\/a><\/strong><audio class=\"wp-audio-shortcode\" id=\"audio-1253-13\" preload=\"none\" style=\"width: 100%;\" controls=\"controls\"><source type=\"audio\/mpeg\" src=\"http:\/\/www.manosdepaz.org\/audio\/2015\/150104_promesa.mp3?_=13\" \/><a href=\"http:\/\/www.manosdepaz.org\/audio\/2015\/150104_promesa.mp3\">http:\/\/www.manosdepaz.org\/audio\/2015\/150104_promesa.mp3<\/a><\/audio><\/li>\n<\/ul>\n","protected":false},"excerpt":{"rendered":"<p>CULTOS &#8211; 2015 Colecci\u00f3n de archivos de audio correspondientes a los cultos celebrados en la Iglesia Cristiana Metodista &#8216;Casa de Paz&#8217; en el templo ubicado en Santo Domingo, Rep\u00fablica Dominicana. 20 Diciembre &#8211; Mensaje de Navidad &#8211; Jos\u00e9 &#8216;Jochi&#8217; Brito (19 min.) MP3 03 Mayo &#8211; El Liderazgo Cristiano &#8211; Jos\u00e9 &#8216;Jochi&#8217; Brito (31 min.) [&hellip;]<\/p>\n","protected":false},"author":1,"featured_media":0,"parent":57,"menu_order":30,"comment_status":"open","ping_status":"closed","template":"","meta":{"footnotes":""},"class_list":["post-1253","page","type-page","status-publish","hentry"],"_links":{"self":[{"href":"http:\/\/www.manosdepaz.org\/index.php?rest_route=\/wp\/v2\/pages\/1253"}],"collection":[{"href":"http:\/\/www.manosdepaz.org\/index.php?rest_route=\/wp\/v2\/pages"}],"about":[{"href":"http:\/\/www.manosdepaz.org\/index.php?rest_route=\/wp\/v2\/types\/page"}],"author":[{"embeddable":true,"href":"http:\/\/www.manosdepaz.org\/index.php?rest_route=\/wp\/v2\/users\/1"}],"replies":[{"embeddable":true,"href":"http:\/\/www.manosdepaz.org\/index.php?rest_route=%2Fwp%2Fv2%2Fcomments&post=1253"}],"version-history":[{"count":21,"href":"http:\/\/www.manosdepaz.org\/index.php?rest_route=\/wp\/v2\/pages\/1253\/revisions"}],"predecessor-version":[{"id":1683,"href":"http:\/\/www.manosdepaz.org\/index.php?rest_route=\/wp\/v2\/pages\/1253\/revisions\/1683"}],"up":[{"embeddable":true,"href":"http:\/\/www.manosdepaz.org\/index.php?rest_route=\/wp\/v2\/pages\/57"}],"wp:attachment":[{"href":"http:\/\/www.manosdepaz.org\/index.php?rest_route=%2Fwp%2Fv2%2Fmedia&parent=1253"}],"curies":[{"name":"wp","href":"https:\/\/api.w.org\/{rel}","templated":true}]}}