{"id":1335,"date":"2015-03-28T11:08:37","date_gmt":"2015-03-28T15:08:37","guid":{"rendered":"http:\/\/www.manosdepaz.org\/?page_id=1335"},"modified":"2015-08-12T10:07:46","modified_gmt":"2015-08-12T14:07:46","slug":"yamasa-2015-2019","status":"publish","type":"page","link":"http:\/\/www.manosdepaz.org\/?page_id=1335","title":{"rendered":"YAMASA 2015 &#8211; 2019"},"content":{"rendered":"<p>Los v\u00eddeos en esta pagina representan el compromiso y el continuo esfuerzo de los hermanos de la Iglesia cristiana &#8216;Casa de Paz&#8217;, por llevar la palabra de Dios acompa\u00f1ado de ayuda integral a esta comunidad del &#8216;Cercadillo&#8217;, en Yamas\u00e1. Podr\u00e1 notar, en comparaci\u00f3n con los v\u00eddeos anteriores, el crecimiento de esta obra.<\/p>\n<p>&nbsp;<\/p>\n<table border=\"0\" width=\"90%\" cellspacing=\"1\" cellpadding=\"1\" align=\"center\">\n<tbody>\n<tr>\n<td class=\"style2\">\n<h4>Escolares Yamas\u00e1 &#8211; 2015<\/h4>\n<\/td>\n<\/tr>\n<tr>\n<td>Visita anual a la comunidad del Cercadillo, Yamas\u00e1, donde se entregaron \u00fatiles escolares, uniformes, mochilas y dem\u00e1s a los ni\u00f1os de esta comunidad. Siempre acompa\u00f1ado de una instrucci\u00f3n b\u00edblica conducida por la hermana Claudia Acevedo.<\/td>\n<\/tr>\n<tr>\n<td><\/td>\n<\/tr>\n<tr>\n<td>\n<div align=\"center\"><iframe loading=\"lazy\" src=\"http:\/\/www.youtube.com\/embed\/bcRF7gJcqF8\" width=\"576\" height=\"324\" frameborder=\"0\" allowfullscreen=\"allowfullscreen\"><\/iframe><\/div>\n<\/td>\n<\/tr>\n<tr>\n<td height=\"50\"><\/td>\n<\/tr>\n<tr>\n<td class=\"style2\">\n<h4>Operativo Dental &#8211; 2015<\/h4>\n<\/td>\n<\/tr>\n<tr>\n<td>El ministerio de Ayuda y Misericordia, en cooperaci\u00f3n con la <a title=\"UNIBE\" href=\"http:\/\/www.unibe.edu.do\/es\" target=\"_blank\">Universidad Iberoamericana (UNIBE)<\/a> realiza un nuevo operativo dental en la comunidad del &#8216;Cercadillo Yamas\u00e1, donde a pesar de la lluvia y otros inconvenientes, el Se\u00f1or nos ayudo a culminar esta obra con \u00e9xito.<\/td>\n<\/tr>\n<tr>\n<td><\/td>\n<\/tr>\n<tr>\n<td>\n<div align=\"center\"><iframe loading=\"lazy\" src=\"http:\/\/www.youtube.com\/embed\/ekZdEbvQ5sM\" width=\"576\" height=\"324\" frameborder=\"0\" allowfullscreen=\"allowfullscreen\"><\/iframe><\/div>\n<\/td>\n<\/tr>\n<tr>\n<td height=\"50\"><\/td>\n<\/tr>\n<\/tbody>\n<\/table>\n","protected":false},"excerpt":{"rendered":"<p>Los v\u00eddeos en esta pagina representan el compromiso y el continuo esfuerzo de los hermanos de la Iglesia cristiana &#8216;Casa de Paz&#8217;, por llevar la palabra de Dios acompa\u00f1ado de ayuda integral a esta comunidad del &#8216;Cercadillo&#8217;, en Yamas\u00e1. Podr\u00e1 notar, en comparaci\u00f3n con los v\u00eddeos anteriores, el crecimiento de esta obra. &nbsp; Escolares Yamas\u00e1 [&hellip;]<\/p>\n","protected":false},"author":1,"featured_media":0,"parent":1329,"menu_order":90,"comment_status":"open","ping_status":"closed","template":"","meta":{"footnotes":""},"class_list":["post-1335","page","type-page","status-publish","hentry"],"_links":{"self":[{"href":"http:\/\/www.manosdepaz.org\/index.php?rest_route=\/wp\/v2\/pages\/1335"}],"collection":[{"href":"http:\/\/www.manosdepaz.org\/index.php?rest_route=\/wp\/v2\/pages"}],"about":[{"href":"http:\/\/www.manosdepaz.org\/index.php?rest_route=\/wp\/v2\/types\/page"}],"author":[{"embeddable":true,"href":"http:\/\/www.manosdepaz.org\/index.php?rest_route=\/wp\/v2\/users\/1"}],"replies":[{"embeddable":true,"href":"http:\/\/www.manosdepaz.org\/index.php?rest_route=%2Fwp%2Fv2%2Fcomments&post=1335"}],"version-history":[{"count":4,"href":"http:\/\/www.manosdepaz.org\/index.php?rest_route=\/wp\/v2\/pages\/1335\/revisions"}],"predecessor-version":[{"id":1503,"href":"http:\/\/www.manosdepaz.org\/index.php?rest_route=\/wp\/v2\/pages\/1335\/revisions\/1503"}],"up":[{"embeddable":true,"href":"http:\/\/www.manosdepaz.org\/index.php?rest_route=\/wp\/v2\/pages\/1329"}],"wp:attachment":[{"href":"http:\/\/www.manosdepaz.org\/index.php?rest_route=%2Fwp%2Fv2%2Fmedia&parent=1335"}],"curies":[{"name":"wp","href":"https:\/\/api.w.org\/{rel}","templated":true}]}}