{"id":2,"date":"2011-08-31T09:57:25","date_gmt":"2011-08-31T13:57:25","guid":{"rendered":"http:\/\/localhost\/wordpress\/?page_id=2"},"modified":"2011-09-12T08:29:24","modified_gmt":"2011-09-12T12:29:24","slug":"about-page","status":"publish","type":"page","link":"http:\/\/www.manosdepaz.org\/?page_id=2","title":{"rendered":"MISION"},"content":{"rendered":"<p><strong><span style=\"text-decoration: underline;\">Prop\u00f3sito:<\/span><\/strong>\u00a0 Llevar ayuda econ\u00f3mica e integral a las personas tanto dentro como fuera de nuestra iglesia, dando a conocer el amor de nuestro Se\u00f1or\u00a0 a la comunidad.<\/p>\n<p><strong><span style=\"text-decoration: underline;\">Responsable ante:<\/span><\/strong>\u00a0 Este ministerio tendr\u00e1 que responder ante nuestra Pastora Mar\u00eda Amelia Mor\u00edn.<\/p>\n<p><strong><span style=\"text-decoration: underline;\">Tareas:\u00a0 <\/span><\/strong><\/p>\n<ul>\n<li><strong>Fijas:<\/strong><\/li>\n<li>Orar por el ministerio, a fin de lograr la direcci\u00f3n del Se\u00f1or a cada paso y que no sean nuestras fuerzas sino las de El.<\/li>\n<li>Estar\u00e1 alerta de los posibles casos de ayuda.<\/li>\n<li>Todos los casos ser\u00e1n llevados al comit\u00e9 de evaluaci\u00f3n, el cual tendr\u00e1 la encomienda de evaluar a fondo cada caso en particular y determinar las necesidades reales (b\u00e1sicas) y emitir un informe y un plan de acci\u00f3n.<\/li>\n<li>Crear un almac\u00e9n de abastecimientos alimenticios, medicamentos y otros, para estar preparados al llamamiento de ayuda.<\/li>\n<li>Crear un fondo econ\u00f3mico, haciendo actividades y\/o solicitando ayuda a instituciones.<\/li>\n<li>Cada cierto tiempo se revaluaran los objetivos y se har\u00e1 un informe de los mismos.<\/li>\n<li>Se har\u00e1n ayudas no solo de alimentos, sino de cualquier otra necesidad (Buscar trabajo, reparaciones de cualquier tipo en las viviendas, proveer de vestido, o de colchones, etc.)<\/li>\n<li>Se coordinan visitas de ayudas espec\u00edficas a la comunidad de Yamasa.<\/li>\n<\/ul>\n<ul>\n<li><strong>Eventuales:<\/strong><\/li>\n<li>Llevara a cabo operativos m\u00e9dicos<\/li>\n<li>Organizara operativos de ayuda en viviendas<\/li>\n<li>En caso de Tormentas, Huracanes, u otros fen\u00f3menos naturales, coordinara junto a la Pastora las acciones que emprender\u00e1 la iglesia.<\/li>\n<li>En \u00e9pocas escolares, navide\u00f1as, y otras se realizar\u00e1n operativos de ayuda especificas, tanto para la iglesia como para la comunidad de Yamasa.<\/li>\n<\/ul>\n<p>&nbsp;<\/p>\n<p><strong><span style=\"text-decoration: underline;\">Tiempo Requerido: <\/span><\/strong><\/p>\n<p>En tiempo de actividades, se informara con antelaci\u00f3n a cada persona en particular, el tiempo y hora se determinara de acuerdo a las necesidades del caso a tratar.<\/p>\n<p><strong><span style=\"text-decoration: underline;\">Recursos: <\/span><\/strong><\/p>\n<p><strong>*Econ\u00f3micos: <\/strong><\/p>\n<p><strong>Propios: <\/strong>Ofrendas dadas por los miembros del ministerio y\/o Iglesia.<\/p>\n<p><strong>Externos:<\/strong> Donaciones de Compa\u00f1\u00edas, Patronatos, mediante recaudaci\u00f3n de fondos\u00a0 por eventos, o donaciones de persona particulares.<\/p>\n<p>&nbsp;<\/p>\n<p><strong>*Transporte: <\/strong><\/p>\n<p>En ocasiones necesitaremos de transporte vehicular, ya sea dentro de la iglesia o contratando dichos servicios.<\/p>\n<p>&nbsp;<\/p>\n<p><strong>*Humanos:<\/strong><\/p>\n<p>En casos donde necesitemos m\u00e1s personas que las que intervienen en nuestro ministerio, tendremos que solicitar ayuda de hermanos(as) de otros ministerios, y\/o de personas expertas en \u00e1reas especificas para lograr nuestros fines (alba\u00f1il, ebanista, etc.)<\/p>\n<p>&nbsp;<\/p>\n<p><strong><span style=\"text-decoration: underline;\">Requisitos para ser miembro del Ministerio:\u00a0 <\/span><\/strong><\/p>\n<p>Hermanos y hermanas miembros de la iglesia Casa de Paz, que posean los dones de servicio,<\/p>\n<p>Ayuda, Generosidad, misericordia, misionero y trabajos manuales y que est\u00e9n dispuestos a ejercitarlos en pro de la comunidad.<\/p>\n<p>&nbsp;<\/p>\n<p><strong><span style=\"text-decoration: underline;\">Entrenamiento:\u00a0 <\/span><\/strong>Se adiestraran a las personas en la organizaci\u00f3n de programas de ayuda y operativos.<\/p>\n<h4>Misericordia:<\/h4>\n<p>\u00c9xodo 34:6<\/p>\n<p>Lucas 1:50, 54, 78<\/p>\n<p>Romanos 15:9<\/p>\n<p>Efesios 2:4<\/p>\n<p>1 Pedro 1:3<\/p>\n","protected":false},"excerpt":{"rendered":"<p>Prop\u00f3sito:\u00a0 Llevar ayuda econ\u00f3mica e integral a las personas tanto dentro como fuera de nuestra iglesia, dando a conocer el amor de nuestro Se\u00f1or\u00a0 a la comunidad. Responsable ante:\u00a0 Este ministerio tendr\u00e1 que responder ante nuestra Pastora Mar\u00eda Amelia Mor\u00edn. Tareas:\u00a0 Fijas: Orar por el ministerio, a fin de lograr la direcci\u00f3n del Se\u00f1or a [&hellip;]<\/p>\n","protected":false},"author":1,"featured_media":0,"parent":0,"menu_order":1,"comment_status":"closed","ping_status":"closed","template":"","meta":{"footnotes":""},"class_list":["post-2","page","type-page","status-publish","hentry"],"_links":{"self":[{"href":"http:\/\/www.manosdepaz.org\/index.php?rest_route=\/wp\/v2\/pages\/2"}],"collection":[{"href":"http:\/\/www.manosdepaz.org\/index.php?rest_route=\/wp\/v2\/pages"}],"about":[{"href":"http:\/\/www.manosdepaz.org\/index.php?rest_route=\/wp\/v2\/types\/page"}],"author":[{"embeddable":true,"href":"http:\/\/www.manosdepaz.org\/index.php?rest_route=\/wp\/v2\/users\/1"}],"replies":[{"embeddable":true,"href":"http:\/\/www.manosdepaz.org\/index.php?rest_route=%2Fwp%2Fv2%2Fcomments&post=2"}],"version-history":[{"count":5,"href":"http:\/\/www.manosdepaz.org\/index.php?rest_route=\/wp\/v2\/pages\/2\/revisions"}],"predecessor-version":[{"id":13,"href":"http:\/\/www.manosdepaz.org\/index.php?rest_route=\/wp\/v2\/pages\/2\/revisions\/13"}],"wp:attachment":[{"href":"http:\/\/www.manosdepaz.org\/index.php?rest_route=%2Fwp%2Fv2%2Fmedia&parent=2"}],"curies":[{"name":"wp","href":"https:\/\/api.w.org\/{rel}","templated":true}]}}