{"id":297,"date":"2011-10-31T15:53:29","date_gmt":"2011-10-31T19:53:29","guid":{"rendered":"http:\/\/www.manosdepaz.com\/?page_id=297"},"modified":"2017-06-26T15:19:45","modified_gmt":"2017-06-26T19:19:45","slug":"eventos","status":"publish","type":"page","link":"http:\/\/www.manosdepaz.org\/?page_id=297","title":{"rendered":"EVENTOS"},"content":{"rendered":"<p>&nbsp;<\/p>\n<p>Bienvenidos a la secci\u00f3n de v\u00eddeo del ministerio de Ayuda Y Misericordia de la Iglesia Cristiana \u00abCasa de Paz\u00bb. En esta pagina estaremos publicando algunos v\u00eddeos relacionados con las labores del ministerio en las distintas comisiones que tiene a su cargo.<\/p>\n<h2><a title=\"BAUTISMOS\" href=\"http:\/\/www.manosdepaz.org\/?page_id=348\"><img loading=\"lazy\" decoding=\"async\" class=\"alignright size-thumbnail wp-image-352\" src=\"http:\/\/www.manosdepaz.org\/wp-content\/uploads\/2011\/10\/040-150x150.jpg\" alt=\"Bautismo\" width=\"150\" height=\"150\"><\/a>&nbsp;<a title=\"BAUTISMOS\" href=\"http:\/\/www.manosdepaz.org\/?page_id=348\"><span style=\"color: #800000;\"><span class=\"style2\"><span style=\"color: #800000;\">BAUTISMOS<\/span><\/span><\/span><\/a><\/h2>\n<p>Momentos memorables en los que los hermanos de la Iglesia \u00abCasa de Paz\u00bb son bautizados en agua, seg\u00fan las sagradas escrituras.<\/p>\n<h5><a title=\"BAUTIZOS\" href=\"http:\/\/www.manosdepaz.org\/?page_id=348\"><span style=\"color: #0000ff;\">2 Videos<\/span><\/a><\/h5>\n<p>&nbsp;<\/p>\n<p>&nbsp;<\/p>\n<h2><a title=\"CULTOS ESPECIALES\" href=\"http:\/\/www.manosdepaz.org\/?page_id=355\"><img loading=\"lazy\" decoding=\"async\" class=\"alignright size-thumbnail wp-image-487\" src=\"http:\/\/www.manosdepaz.org\/wp-content\/uploads\/2011\/10\/DSCN0305-150x150.jpg\" alt=\"DSCN0305\" width=\"150\" height=\"150\" srcset=\"http:\/\/www.manosdepaz.org\/wp-content\/uploads\/2011\/10\/DSCN0305-150x150.jpg 150w, http:\/\/www.manosdepaz.org\/wp-content\/uploads\/2011\/10\/DSCN0305.jpg 230w\" sizes=\"(max-width: 150px) 100vw, 150px\" \/><\/a>&nbsp;<a title=\"CULTOS ESPECIALES\" href=\"http:\/\/www.manosdepaz.org\/?page_id=355\"><span style=\"color: #800000;\"><span class=\"style2\"><span style=\"color: #800000;\">CULTOS ESPECIALES <\/span><\/span><\/span><\/a><\/h2>\n<p>Hemos incluido aqu\u00ed algunas celebraciones y cultos especiales, tales como la fiesta de aniversario que se celebra en Casa de Paz cada a\u00f1o.<\/p>\n<h5><a title=\"CULTOS ESPECIALES\" href=\"http:\/\/www.manosdepaz.org\/?page_id=355\"><span style=\"color: #0000ff;\">3&nbsp;Videos<\/span><\/a><\/h5>\n<p>&nbsp;<\/p>\n<p>&nbsp;<\/p>\n<h2><a title=\"EVENTOS ARTISTICOS\" href=\"http:\/\/www.manosdepaz.org\/?page_id=358\"><img loading=\"lazy\" decoding=\"async\" class=\"alignright size-thumbnail wp-image-488\" src=\"http:\/\/www.manosdepaz.org\/wp-content\/uploads\/2011\/10\/Tambora-150x150.jpg\" alt=\"Tambora\" width=\"150\" height=\"150\" srcset=\"http:\/\/www.manosdepaz.org\/wp-content\/uploads\/2011\/10\/Tambora-150x150.jpg 150w, http:\/\/www.manosdepaz.org\/wp-content\/uploads\/2011\/10\/Tambora.jpg 230w\" sizes=\"(max-width: 150px) 100vw, 150px\" \/><\/a>&nbsp;<span style=\"color: #800000;\"><a class=\"style2\" title=\"EVENTOS ARTISTICOS\" href=\"http:\/\/www.manosdepaz.org\/?page_id=358\"><span style=\"color: #800000;\">EVENTOS ART\u00cdSTICOS<br \/>\n<\/span><\/a><\/span><\/h2>\n<p>\u00abAlegraos, oh justos en Jehov\u00e1; A los rectos les va bien la alabanza. Aclamad a Jehov\u00e1 con arpa; Cantadle con salterio y decacordio. Cantadle c\u00e1ntico nuevo; hacedlo bien, ta\u00f1endo con j\u00fabilo.\u00bb &#8211; Salmos 33: 1-3<\/p>\n<h5><a title=\"EVENTOS ARTISTICOS\" href=\"http:\/\/www.manosdepaz.org\/?page_id=358\"><span style=\"color: #0000ff;\">4&nbsp;Videos<\/span><\/a><\/h5>\n<p>&nbsp;<\/p>\n<h2><a title=\"ACTIVIDADES\" href=\"http:\/\/www.manosdepaz.org\/?page_id=596\"><img loading=\"lazy\" decoding=\"async\" class=\"alignright size-thumbnail wp-image-594\" src=\"http:\/\/www.manosdepaz.org\/wp-content\/uploads\/2011\/10\/Cristal-150x150.jpg\" alt=\"Cristal\" width=\"150\" height=\"150\" srcset=\"http:\/\/www.manosdepaz.org\/wp-content\/uploads\/2011\/10\/Cristal-150x150.jpg 150w, http:\/\/www.manosdepaz.org\/wp-content\/uploads\/2011\/10\/Cristal.jpg 230w\" sizes=\"(max-width: 150px) 100vw, 150px\" \/><\/a>&nbsp;<a title=\"ACTIVIDADES\" href=\"http:\/\/www.manosdepaz.org\/?page_id=596\"><span style=\"color: #800000;\"><span class=\"style2\"><span style=\"color: #800000;\">ACTIVIDADES<\/span><\/span><\/span><\/a><\/h2>\n<p>Diversas actividades pro-fondo de la Iglesia en el que todos los hermanos contribuyen con sus esfuerzos reunir recursos que a su vez puedan bendecir a m\u00e1s personas.<\/p>\n<h5><a title=\"ACTIVIDADES\" href=\"http:\/\/www.manosdepaz.org\/?page_id=596\"><span style=\"color: #0000ff;\">2 Videos<\/span><\/a><\/h5>\n<p>&nbsp;<\/p>\n","protected":false},"excerpt":{"rendered":"<p>&nbsp; Bienvenidos a la secci\u00f3n de v\u00eddeo del ministerio de Ayuda Y Misericordia de la Iglesia Cristiana \u00abCasa de Paz\u00bb. En esta pagina estaremos publicando algunos v\u00eddeos relacionados con las labores del ministerio en las distintas comisiones que tiene a su cargo. &nbsp;BAUTISMOS Momentos memorables en los que los hermanos de la Iglesia \u00abCasa de [&hellip;]<\/p>\n","protected":false},"author":1,"featured_media":0,"parent":27,"menu_order":20,"comment_status":"open","ping_status":"closed","template":"","meta":{"footnotes":""},"class_list":["post-297","page","type-page","status-publish","hentry"],"_links":{"self":[{"href":"http:\/\/www.manosdepaz.org\/index.php?rest_route=\/wp\/v2\/pages\/297"}],"collection":[{"href":"http:\/\/www.manosdepaz.org\/index.php?rest_route=\/wp\/v2\/pages"}],"about":[{"href":"http:\/\/www.manosdepaz.org\/index.php?rest_route=\/wp\/v2\/types\/page"}],"author":[{"embeddable":true,"href":"http:\/\/www.manosdepaz.org\/index.php?rest_route=\/wp\/v2\/users\/1"}],"replies":[{"embeddable":true,"href":"http:\/\/www.manosdepaz.org\/index.php?rest_route=%2Fwp%2Fv2%2Fcomments&post=297"}],"version-history":[{"count":64,"href":"http:\/\/www.manosdepaz.org\/index.php?rest_route=\/wp\/v2\/pages\/297\/revisions"}],"predecessor-version":[{"id":1914,"href":"http:\/\/www.manosdepaz.org\/index.php?rest_route=\/wp\/v2\/pages\/297\/revisions\/1914"}],"up":[{"embeddable":true,"href":"http:\/\/www.manosdepaz.org\/index.php?rest_route=\/wp\/v2\/pages\/27"}],"wp:attachment":[{"href":"http:\/\/www.manosdepaz.org\/index.php?rest_route=%2Fwp%2Fv2%2Fmedia&parent=297"}],"curies":[{"name":"wp","href":"https:\/\/api.w.org\/{rel}","templated":true}]}}