{"id":348,"date":"2011-11-14T17:11:08","date_gmt":"2011-11-14T21:11:08","guid":{"rendered":"http:\/\/www.manosdepaz.com\/?page_id=348"},"modified":"2013-05-06T13:20:49","modified_gmt":"2013-05-06T17:20:49","slug":"bautismos","status":"publish","type":"page","link":"http:\/\/www.manosdepaz.org\/?page_id=348","title":{"rendered":"BAUTISMOS"},"content":{"rendered":"<style type=\"text\/css\"><!--\n.style1 {font-family: Arial, Helvetica, sans-serif} .style2 {font-family: Arial, Helvetica, sans-serif; font-size: large; }\n--><\/style>\n<p>&nbsp;<\/p>\n<table width=\"90%\" border=\"0\" cellspacing=\"1\" cellpadding=\"1\" align=\"center\">\n<tbody>\n<tr>\n<td class=\"style2\">Bautismo &#8211; 2013<\/td>\n<\/tr>\n<tr>\n<td class=\"style1\">La congregaci\u00f3n cristiana de &#8216;Casa de Paz&#8217; se une una vez m\u00e1s para recibir como hermanos a aquellos que han elegido a Cristo como el Se\u00f1or y Salvador de su vida.<\/td>\n<\/tr>\n<tr>\n<td class=\"style2\"><\/td>\n<\/tr>\n<tr>\n<td class=\"style2\">\n<div align=\"center\"><iframe loading=\"lazy\" src=\"http:\/\/www.youtube.com\/embed\/i5W8DQsyTtA\" height=\"324\" width=\"576\" allowfullscreen=\"\" frameborder=\"0\"><\/iframe><\/div>\n<\/td>\n<\/tr>\n<tr>\n<td class=\"style2\">&nbsp;<\/td>\n<\/tr>\n<tr>\n<td class=\"style2\">Bautismo &#8211; 2011<\/td>\n<\/tr>\n<tr>\n<td class=\"style1\">Un grupo de 20 hermanos confesando publicamente ser seguidores de nuestro se\u00f1or Jesucristo, en cumplimiento con las sagradas escrituras.<\/td>\n<\/tr>\n<tr>\n<td class=\"style2\"><\/td>\n<\/tr>\n<tr>\n<td class=\"style2\">\n<div align=\"center\"><iframe loading=\"lazy\" src=\"http:\/\/www.youtube.com\/embed\/Mr-n9BkonmI\" height=\"324\" width=\"576\" allowfullscreen=\"\" frameborder=\"0\"><\/iframe><\/div>\n<\/td>\n<\/tr>\n<tr>\n<td class=\"style2\"><\/td>\n<\/tr>\n<\/tbody>\n<\/table>\n<p>&nbsp;<\/p>\n","protected":false},"excerpt":{"rendered":"<p>&nbsp; Bautismo &#8211; 2013 La congregaci\u00f3n cristiana de &#8216;Casa de Paz&#8217; se une una vez m\u00e1s para recibir como hermanos a aquellos que han elegido a Cristo como el Se\u00f1or y Salvador de su vida. &nbsp; Bautismo &#8211; 2011 Un grupo de 20 hermanos confesando publicamente ser seguidores de nuestro se\u00f1or Jesucristo, en cumplimiento con [&hellip;]<\/p>\n","protected":false},"author":1,"featured_media":0,"parent":297,"menu_order":10,"comment_status":"open","ping_status":"closed","template":"","meta":{"footnotes":""},"class_list":["post-348","page","type-page","status-publish","hentry"],"_links":{"self":[{"href":"http:\/\/www.manosdepaz.org\/index.php?rest_route=\/wp\/v2\/pages\/348"}],"collection":[{"href":"http:\/\/www.manosdepaz.org\/index.php?rest_route=\/wp\/v2\/pages"}],"about":[{"href":"http:\/\/www.manosdepaz.org\/index.php?rest_route=\/wp\/v2\/types\/page"}],"author":[{"embeddable":true,"href":"http:\/\/www.manosdepaz.org\/index.php?rest_route=\/wp\/v2\/users\/1"}],"replies":[{"embeddable":true,"href":"http:\/\/www.manosdepaz.org\/index.php?rest_route=%2Fwp%2Fv2%2Fcomments&post=348"}],"version-history":[{"count":7,"href":"http:\/\/www.manosdepaz.org\/index.php?rest_route=\/wp\/v2\/pages\/348\/revisions"}],"predecessor-version":[{"id":784,"href":"http:\/\/www.manosdepaz.org\/index.php?rest_route=\/wp\/v2\/pages\/348\/revisions\/784"}],"up":[{"embeddable":true,"href":"http:\/\/www.manosdepaz.org\/index.php?rest_route=\/wp\/v2\/pages\/297"}],"wp:attachment":[{"href":"http:\/\/www.manosdepaz.org\/index.php?rest_route=%2Fwp%2Fv2%2Fmedia&parent=348"}],"curies":[{"name":"wp","href":"https:\/\/api.w.org\/{rel}","templated":true}]}}