{"id":355,"date":"2011-11-14T17:25:22","date_gmt":"2011-11-14T21:25:22","guid":{"rendered":"http:\/\/www.manosdepaz.com\/?page_id=355"},"modified":"2015-08-24T15:07:20","modified_gmt":"2015-08-24T19:07:20","slug":"cultos-especiales","status":"publish","type":"page","link":"http:\/\/www.manosdepaz.org\/?page_id=355","title":{"rendered":"CULTOS ESPECIALES"},"content":{"rendered":"<p><html><\/p>\n<style type=\"text\/css\">\n<!--\n.style1 {font-family: Arial, Helvetica, sans-serif}\n.style2 {font-family: Arial, Helvetica, sans-serif; font-size: large; }\n-->\n<\/style>\n<p><body><br \/>\n&nbsp;<br \/>\n&nbsp;<\/p>\n<table width=\"90%\"  border=\"0\" align=\"center\" cellpadding=\"1\" cellspacing=\"1\">\n<tr>\n<td class=\"style2\">Evangelismo 2015 <\/td>\n<\/tr>\n<tr>\n<td class=\"style1\">Campa\u00f1a de tres dias de la Iglesia Cristiana Metodista Libre &#8211; Casa de Paz. Con la participaci\u00f3n de los pastores Maria Amelia Mor\u00edn (anfitriona), Francis Mont\u00e1s, Sanford Medrano y Octavio Mota King. <\/td>\n<\/tr>\n<tr>\n<td class=\"style2\">&nbsp;<\/td>\n<\/tr>\n<tr>\n<td class=\"style2\">\n<div align=\"center\">\n\t<iframe loading=\"lazy\" width=\"576\" height=\"324\" src=\"http:\/\/www.youtube.com\/embed\/Wq7L-xSFL08\" frameborder=\"0\" allowfullscreen><\/iframe>\n\t<\/div>\n<\/td>\n<\/tr>\n<tr>\n<td class=\"style2\">&nbsp;<\/td>\n<\/tr>\n<tr>\n<td class=\"style2\">Culto Navide&ntilde;o 2011 <\/td>\n<\/tr>\n<tr>\n<td class=\"style1\">La Iglesia cristiana &lsquo;Casa de Paz&rsquo; se despide del a&ntilde;o 2011 con este culto especial navide&ntilde;o. Disfrute de la alegria contenida en las canciones,<br \/>\n\ty el mensaje de nuestro se&ntilde;or Jesucristo a cargo de la pastora Maria Amelia Mor&iacute;n. <\/td>\n<\/tr>\n<tr>\n<td class=\"style2\">&nbsp;<\/td>\n<\/tr>\n<tr>\n<td class=\"style2\">\n<div align=\"center\">\n\t<iframe loading=\"lazy\" width=\"576\" height=\"324\" src=\"http:\/\/www.youtube.com\/embed\/cDWVfm3YcmE\" frameborder=\"0\" allowfullscreen><\/iframe>\n\t<\/div>\n<\/td>\n<\/tr>\n<tr>\n<td class=\"style2\">&nbsp;<\/td>\n<\/tr>\n<tr>\n<td class=\"style2\">12 A&ntilde;os &#8211; Casa de Paz <\/td>\n<\/tr>\n<tr>\n<td class=\"style1\">Culto aniversario donde la Iglesia Casa de Paz celebra sus 12 a&ntilde;os, conjuntamente con el 1er a&ntilde;o del Instituto B&iacute;blico . <\/td>\n<\/tr>\n<tr>\n<td class=\"style2\">&nbsp;<\/td>\n<\/tr>\n<tr>\n<td class=\"style2\">\n<div align=\"center\">\n\t<iframe loading=\"lazy\" width=\"576\" height=\"324\" src=\"http:\/\/www.youtube.com\/embed\/ajM7RXNAxeQ\" frameborder=\"0\" allowfullscreen><\/iframe>\n\t<\/div>\n<\/td>\n<\/tr>\n<tr>\n<td class=\"style2\">&nbsp;<\/td>\n<\/tr>\n<\/table>\n<p><\/body><br \/>\n<\/html><\/p>\n","protected":false},"excerpt":{"rendered":"<p>&nbsp; &nbsp; Evangelismo 2015 Campa\u00f1a de tres dias de la Iglesia Cristiana Metodista Libre &#8211; Casa de Paz. Con la participaci\u00f3n de los pastores Maria Amelia Mor\u00edn (anfitriona), Francis Mont\u00e1s, Sanford Medrano y Octavio Mota King. &nbsp; &nbsp; Culto Navide&ntilde;o 2011 La Iglesia cristiana &lsquo;Casa de Paz&rsquo; se despide del a&ntilde;o 2011 con este culto [&hellip;]<\/p>\n","protected":false},"author":1,"featured_media":0,"parent":297,"menu_order":30,"comment_status":"open","ping_status":"closed","template":"","meta":{"footnotes":""},"class_list":["post-355","page","type-page","status-publish","hentry"],"_links":{"self":[{"href":"http:\/\/www.manosdepaz.org\/index.php?rest_route=\/wp\/v2\/pages\/355"}],"collection":[{"href":"http:\/\/www.manosdepaz.org\/index.php?rest_route=\/wp\/v2\/pages"}],"about":[{"href":"http:\/\/www.manosdepaz.org\/index.php?rest_route=\/wp\/v2\/types\/page"}],"author":[{"embeddable":true,"href":"http:\/\/www.manosdepaz.org\/index.php?rest_route=\/wp\/v2\/users\/1"}],"replies":[{"embeddable":true,"href":"http:\/\/www.manosdepaz.org\/index.php?rest_route=%2Fwp%2Fv2%2Fcomments&post=355"}],"version-history":[{"count":9,"href":"http:\/\/www.manosdepaz.org\/index.php?rest_route=\/wp\/v2\/pages\/355\/revisions"}],"predecessor-version":[{"id":1528,"href":"http:\/\/www.manosdepaz.org\/index.php?rest_route=\/wp\/v2\/pages\/355\/revisions\/1528"}],"up":[{"embeddable":true,"href":"http:\/\/www.manosdepaz.org\/index.php?rest_route=\/wp\/v2\/pages\/297"}],"wp:attachment":[{"href":"http:\/\/www.manosdepaz.org\/index.php?rest_route=%2Fwp%2Fv2%2Fmedia&parent=355"}],"curies":[{"name":"wp","href":"https:\/\/api.w.org\/{rel}","templated":true}]}}