{"id":358,"date":"2011-11-14T17:30:54","date_gmt":"2011-11-14T21:30:54","guid":{"rendered":"http:\/\/www.manosdepaz.com\/?page_id=358"},"modified":"2015-11-30T16:43:55","modified_gmt":"2015-11-30T20:43:55","slug":"eventos-artisticos","status":"publish","type":"page","link":"http:\/\/www.manosdepaz.org\/?page_id=358","title":{"rendered":"EVENTOS ARTISTICOS"},"content":{"rendered":"<p>&nbsp;<\/p>\n<p>&nbsp;<\/p>\n<table border=\"0\" width=\"90%\" cellspacing=\"1\" cellpadding=\"1\" align=\"center\">\n<tbody>\n<tr>\n<td class=\"style2\">\n<h5>Dueto Marcel y Pamela Berrido &#8211; 2015<\/h5>\n<\/td>\n<\/tr>\n<tr>\n<td class=\"style1\">Interpretaci\u00f3n en duo de Marcel y Pamela Berrido durante la charla &#8211; desayuno en la Iglesia Casa de Paz, el 29 de noviembre de 2015.<\/td>\n<\/tr>\n<tr>\n<td class=\"style2\">\n<div align=\"center\"><iframe loading=\"lazy\" src=\"http:\/\/www.youtube.com\/embed\/F5z41zsvjO4\" width=\"576\" height=\"324\" frameborder=\"0\" allowfullscreen=\"allowfullscreen\"><\/iframe><\/div>\n<\/td>\n<\/tr>\n<tr>\n<td class=\"style2\">&nbsp;<\/td>\n<\/tr>\n<tr>\n<td class=\"style2\">\n<h5>Campa\u00f1a Evangelistica &#8211; 2015<\/h5>\n<\/td>\n<\/tr>\n<tr>\n<td class=\"style1\">Presentaci\u00f3n del Ministerio de Alabanza y Adoraci\u00f3n durante la Campa\u00f1a Evangelistica de la Iglesia Cristiana Casa de Paz &#8211; 2015.<\/td>\n<\/tr>\n<tr>\n<td class=\"style2\">\n<div align=\"center\"><iframe loading=\"lazy\" src=\"http:\/\/www.youtube.com\/embed\/EtLouXPYPfg\" width=\"576\" height=\"324\" frameborder=\"0\" allowfullscreen=\"allowfullscreen\"><\/iframe><\/div>\n<\/td>\n<\/tr>\n<tr>\n<td class=\"style2\">&nbsp;<\/td>\n<\/tr>\n<tr>\n<td class=\"style2\">\n<h5>Dueto &#8211; Pastora Maria Amelia y Porfirio<\/h5>\n<\/td>\n<\/tr>\n<tr>\n<td class=\"style1\">Nos gozamos una vez m\u00e1s como Iglesia al disfrutar de esta canci\u00f3n interpretada por la Pastora Maria Amelia Mor\u00edn y Porfirio L\u00f3pez.<\/td>\n<\/tr>\n<tr>\n<td class=\"style2\">\n<div align=\"center\"><iframe loading=\"lazy\" src=\"http:\/\/www.youtube.com\/embed\/ytVEncXTFxQ\" width=\"576\" height=\"324\" frameborder=\"0\" allowfullscreen=\"allowfullscreen\"><\/iframe><\/div>\n<\/td>\n<\/tr>\n<tr>\n<td class=\"style2\">&nbsp;<\/td>\n<\/tr>\n<tr>\n<td class=\"style2\">\n<h5>Grupo de Alabanza y Adoraci\u00f3n durante el D\u00eda de los Padres &#8211; 2014<\/h5>\n<\/td>\n<\/tr>\n<tr>\n<td class=\"style1\">En esta entrega, el grupo de Alabanza y Adoraci\u00f3n de la iglesia cristiana &#8216;Casa de Paz&#8217; nos deleita durante el d\u00eda de los padres &#8211; 2014.<\/td>\n<\/tr>\n<tr>\n<td class=\"style2\">\n<div align=\"center\"><iframe loading=\"lazy\" src=\"http:\/\/www.youtube.com\/embed\/SkLTCQAvvBQ\" width=\"576\" height=\"324\" frameborder=\"0\" allowfullscreen=\"allowfullscreen\"><\/iframe><\/div>\n<\/td>\n<\/tr>\n<tr>\n<td class=\"style2\"><\/td>\n<\/tr>\n<\/tbody>\n<\/table>\n<p>&nbsp;<\/p>\n","protected":false},"excerpt":{"rendered":"<p>&nbsp; &nbsp; Dueto Marcel y Pamela Berrido &#8211; 2015 Interpretaci\u00f3n en duo de Marcel y Pamela Berrido durante la charla &#8211; desayuno en la Iglesia Casa de Paz, el 29 de noviembre de 2015. &nbsp; Campa\u00f1a Evangelistica &#8211; 2015 Presentaci\u00f3n del Ministerio de Alabanza y Adoraci\u00f3n durante la Campa\u00f1a Evangelistica de la Iglesia Cristiana Casa [&hellip;]<\/p>\n","protected":false},"author":1,"featured_media":0,"parent":297,"menu_order":40,"comment_status":"open","ping_status":"closed","template":"","meta":{"footnotes":""},"class_list":["post-358","page","type-page","status-publish","hentry"],"_links":{"self":[{"href":"http:\/\/www.manosdepaz.org\/index.php?rest_route=\/wp\/v2\/pages\/358"}],"collection":[{"href":"http:\/\/www.manosdepaz.org\/index.php?rest_route=\/wp\/v2\/pages"}],"about":[{"href":"http:\/\/www.manosdepaz.org\/index.php?rest_route=\/wp\/v2\/types\/page"}],"author":[{"embeddable":true,"href":"http:\/\/www.manosdepaz.org\/index.php?rest_route=\/wp\/v2\/users\/1"}],"replies":[{"embeddable":true,"href":"http:\/\/www.manosdepaz.org\/index.php?rest_route=%2Fwp%2Fv2%2Fcomments&post=358"}],"version-history":[{"count":23,"href":"http:\/\/www.manosdepaz.org\/index.php?rest_route=\/wp\/v2\/pages\/358\/revisions"}],"predecessor-version":[{"id":1614,"href":"http:\/\/www.manosdepaz.org\/index.php?rest_route=\/wp\/v2\/pages\/358\/revisions\/1614"}],"up":[{"embeddable":true,"href":"http:\/\/www.manosdepaz.org\/index.php?rest_route=\/wp\/v2\/pages\/297"}],"wp:attachment":[{"href":"http:\/\/www.manosdepaz.org\/index.php?rest_route=%2Fwp%2Fv2%2Fmedia&parent=358"}],"curies":[{"name":"wp","href":"https:\/\/api.w.org\/{rel}","templated":true}]}}